{"id":427,"date":"2025-01-10T11:47:28","date_gmt":"2025-01-10T10:47:28","guid":{"rendered":"https:\/\/www.sevenstrings.eu\/?page_id=427"},"modified":"2025-01-13T00:23:55","modified_gmt":"2025-01-12T23:23:55","slug":"snapcall-2","status":"publish","type":"page","link":"https:\/\/www.sevenstrings.eu\/index.php\/snapcall-2\/","title":{"rendered":"SnapCall"},"content":{"rendered":"\t\t<div data-elementor-type=\"wp-page\" data-elementor-id=\"427\" class=\"elementor elementor-427\" data-elementor-post-type=\"page\">\n\t\t\t\t<div class=\"elementor-element elementor-element-a057f2e e-flex e-con-boxed e-con e-parent\" data-id=\"a057f2e\" data-element_type=\"container\">\n\t\t\t\t\t<div class=\"e-con-inner\">\n\t\t\t\t<div class=\"elementor-element elementor-element-68ce131 elementor-widget elementor-widget-heading\" data-id=\"68ce131\" data-element_type=\"widget\" data-widget_type=\"heading.default\">\n\t\t\t\t<div class=\"elementor-widget-container\">\n\t\t\t\t\t<h2 class=\"elementor-heading-title elementor-size-default\">Snap Call\n<\/h2>\t\t\t\t<\/div>\n\t\t\t\t<\/div>\n\t\t\t\t<div class=\"elementor-element elementor-element-4b365db elementor-widget elementor-widget-image\" data-id=\"4b365db\" data-element_type=\"widget\" data-widget_type=\"image.default\">\n\t\t\t\t<div class=\"elementor-widget-container\">\n\t\t\t\t\t\t\t\t\t\t\t\t\t\t\t<img fetchpriority=\"high\" decoding=\"async\" width=\"300\" height=\"200\" src=\"https:\/\/www.sevenstrings.eu\/wp-content\/uploads\/2025\/01\/Snap-Call-2022-300x200.jpg\" class=\"attachment-medium size-medium wp-image-467\" alt=\"\" srcset=\"https:\/\/www.sevenstrings.eu\/wp-content\/uploads\/2025\/01\/Snap-Call-2022-300x200.jpg 300w, https:\/\/www.sevenstrings.eu\/wp-content\/uploads\/2025\/01\/Snap-Call-2022-1024x683.jpg 1024w, https:\/\/www.sevenstrings.eu\/wp-content\/uploads\/2025\/01\/Snap-Call-2022-768x512.jpg 768w, https:\/\/www.sevenstrings.eu\/wp-content\/uploads\/2025\/01\/Snap-Call-2022-1536x1024.jpg 1536w, https:\/\/www.sevenstrings.eu\/wp-content\/uploads\/2025\/01\/Snap-Call-2022-2048x1365.jpg 2048w\" sizes=\"(max-width: 300px) 100vw, 300px\" \/>\t\t\t\t\t\t\t\t\t\t\t\t\t\t\t<\/div>\n\t\t\t\t<\/div>\n\t\t\t\t<div class=\"elementor-element elementor-element-9db8a5a elementor-widget elementor-widget-text-editor\" data-id=\"9db8a5a\" data-element_type=\"widget\" data-widget_type=\"text-editor.default\">\n\t\t\t\t<div class=\"elementor-widget-container\">\n\t\t\t\t\t\t\t\t\t<p><span style=\"font-weight: 400;\">Snap Call je \u010desk\u00e1 energick\u00e1 rock\u2019n\u2019rollov\u00e1 kapela, kter\u00e1 od roku 2012 ve sv\u00e9 tvorb\u011b kombinuje prvky blues, hard rocku, ji\u017eansk\u00e9ho rocku a dirty country. Kapela se proslavila v\u00edt\u011bzstv\u00edm v celorepublikov\u00e9 sout\u011b\u017ei Skute\u010dn\u00e1 Liga v (2015), \u00fa\u010dast\u00ed ve fin\u00e1le sout\u011b\u017ee Radia Beat o p\u0159edkapelu AC\/DC, kde sko\u010dnila na 2. m\u00edst\u011b (2017) a koncertov\u00e1n\u00edm s Wohnout na jejich unplugged turn\u00e9 (2017). Pravideln\u011b vyd\u00e1vaj\u00ed singly a EP, v roce 2022 p\u0159edstavili album Keep Ridin\u2019!<\/span><\/p><p><span style=\"font-weight: 400;\">Jakub Iggy Hauf &#8211; zp\u011bv, kytara, cigar box, ukulele, foukac\u00ed harmonika<\/span><\/p><p><span style=\"font-weight: 400;\">Luk\u00e1\u0161 V\u00e1clav\u00edk &#8211; kytara, zp\u011bv<\/span><\/p><p><span style=\"font-weight: 400;\">Vojt\u011bch Ko\u0159\u00ednek &#8211; baskytara, zp\u011bv<\/span><\/p><p><span style=\"font-weight: 400;\">V\u00edt J\u00edra &#8211; bic\u00ed<\/span><\/p><p><span style=\"font-family: inherit; font-size: inherit; background-color: rgba(0, 0, 0, 0.05); text-align: var(--text-align);\">YT :\u00a0<\/span><\/p><p><span style=\"background-color: rgba(0, 0, 0, 0.05);\">SHAKE SHAKE<\/span><\/p><p><strong style=\"font-family: inherit; font-size: inherit; text-align: var(--text-align);\"><a style=\"font-family: inherit; font-size: inherit; text-align: var(--text-align);\" href=\"https:\/\/www.youtube.com\/watch?v=G1MswU08R-U\">\u00a0https:\/\/youtu.be\/G1MswU08R-U?si=EYqgkNeAlldmJfq8<\/a><\/strong><\/p><p>GOLDDIGGER<\/p><p><a href=\"https:\/\/www.youtube.com\/watch?v=64o02Mz34Nw\">https:\/\/www.youtube.com\/watch?v=64o02Mz34Nw<\/a><\/p><div>\u00a0<\/div><div>\u00a0<\/div><div>\u00a0<\/div><div>SPOTIFY: <a style=\"font-family: inherit; font-style: inherit; text-align: var(--text-align);\" href=\"https:\/\/open.spotify.com\/artist\/6ZE7kLvqErhXUWzjX0yK3M?si=WldSmHqTT7CuSQnbk6TrOg\">https:\/\/open.spotify.com\/artist\/6ZE7kLvqErhXUWzjX0yK3M?si=WldSmHqTT7CuSQnbk6TrOg<\/a><\/div><div>\u00a0<\/div><p dir=\"ltr\">\u00a0<\/p>\t\t\t\t\t\t\t\t<\/div>\n\t\t\t\t<\/div>\n\t\t\t\t\t<\/div>\n\t\t\t\t<\/div>\n\t\t\t\t<\/div>\n\t\t","protected":false},"excerpt":{"rendered":"<p>Snap Call Snap Call je \u010desk\u00e1 energick\u00e1 rock\u2019n\u2019rollov\u00e1 kapela, kter\u00e1 od roku 2012 ve sv\u00e9 tvorb\u011b kombinuje prvky blues, hard rocku, ji\u017eansk\u00e9ho rocku a dirty country. Kapela se proslavila v\u00edt\u011bzstv\u00edm v celorepublikov\u00e9 sout\u011b\u017ei Skute\u010dn\u00e1 Liga v (2015), \u00fa\u010dast\u00ed ve fin\u00e1le sout\u011b\u017ee Radia Beat o p\u0159edkapelu AC\/DC, kde sko\u010dnila na 2. m\u00edst\u011b (2017) a koncertov\u00e1n\u00edm s &#8230; <a title=\"SnapCall\" class=\"read-more\" href=\"https:\/\/www.sevenstrings.eu\/index.php\/snapcall-2\/\" aria-label=\"V\u00edce na SnapCall\">\u010c\u00edst d\u00e1l<\/a><\/p>\n","protected":false},"author":2,"featured_media":0,"parent":0,"menu_order":0,"comment_status":"closed","ping_status":"closed","template":"","meta":{"footnotes":""},"class_list":["post-427","page","type-page","status-publish"],"_links":{"self":[{"href":"https:\/\/www.sevenstrings.eu\/index.php\/wp-json\/wp\/v2\/pages\/427","targetHints":{"allow":["GET"]}}],"collection":[{"href":"https:\/\/www.sevenstrings.eu\/index.php\/wp-json\/wp\/v2\/pages"}],"about":[{"href":"https:\/\/www.sevenstrings.eu\/index.php\/wp-json\/wp\/v2\/types\/page"}],"author":[{"embeddable":true,"href":"https:\/\/www.sevenstrings.eu\/index.php\/wp-json\/wp\/v2\/users\/2"}],"replies":[{"embeddable":true,"href":"https:\/\/www.sevenstrings.eu\/index.php\/wp-json\/wp\/v2\/comments?post=427"}],"version-history":[{"count":22,"href":"https:\/\/www.sevenstrings.eu\/index.php\/wp-json\/wp\/v2\/pages\/427\/revisions"}],"predecessor-version":[{"id":477,"href":"https:\/\/www.sevenstrings.eu\/index.php\/wp-json\/wp\/v2\/pages\/427\/revisions\/477"}],"wp:attachment":[{"href":"https:\/\/www.sevenstrings.eu\/index.php\/wp-json\/wp\/v2\/media?parent=427"}],"curies":[{"name":"wp","href":"https:\/\/api.w.org\/{rel}","templated":true}]}}