{"id":401,"date":"2025-01-10T00:41:56","date_gmt":"2025-01-09T23:41:56","guid":{"rendered":"https:\/\/www.sevenstrings.eu\/?page_id=401"},"modified":"2025-01-13T00:26:51","modified_gmt":"2025-01-12T23:26:51","slug":"lewiscreaven","status":"publish","type":"page","link":"https:\/\/www.sevenstrings.eu\/index.php\/lewiscreaven\/","title":{"rendered":"LewisCreaven"},"content":{"rendered":"\t\t<div data-elementor-type=\"wp-page\" data-elementor-id=\"401\" class=\"elementor elementor-401\" data-elementor-post-type=\"page\">\n\t\t\t\t<div class=\"elementor-element elementor-element-7550eb6 e-flex e-con-boxed e-con e-parent\" data-id=\"7550eb6\" data-element_type=\"container\">\n\t\t\t\t\t<div class=\"e-con-inner\">\n\t\t\t\t<div class=\"elementor-element elementor-element-19bf056 elementor-widget elementor-widget-heading\" data-id=\"19bf056\" data-element_type=\"widget\" data-widget_type=\"heading.default\">\n\t\t\t\t<div class=\"elementor-widget-container\">\n\t\t\t\t\t<h2 class=\"elementor-heading-title elementor-size-default\">Lewis Creaven Band <\/h2>\t\t\t\t<\/div>\n\t\t\t\t<\/div>\n\t\t\t\t<div class=\"elementor-element elementor-element-8ca13b4 elementor-widget elementor-widget-image\" data-id=\"8ca13b4\" data-element_type=\"widget\" data-widget_type=\"image.default\">\n\t\t\t\t<div class=\"elementor-widget-container\">\n\t\t\t\t\t\t\t\t\t\t\t\t\t\t\t<img fetchpriority=\"high\" decoding=\"async\" width=\"300\" height=\"200\" src=\"https:\/\/www.sevenstrings.eu\/wp-content\/uploads\/2025\/01\/289544234_10209676567868504_2406334713573879783_n-300x200.jpg\" class=\"attachment-medium size-medium wp-image-178\" alt=\"\" srcset=\"https:\/\/www.sevenstrings.eu\/wp-content\/uploads\/2025\/01\/289544234_10209676567868504_2406334713573879783_n-300x200.jpg 300w, https:\/\/www.sevenstrings.eu\/wp-content\/uploads\/2025\/01\/289544234_10209676567868504_2406334713573879783_n-1024x683.jpg 1024w, https:\/\/www.sevenstrings.eu\/wp-content\/uploads\/2025\/01\/289544234_10209676567868504_2406334713573879783_n-768x512.jpg 768w, https:\/\/www.sevenstrings.eu\/wp-content\/uploads\/2025\/01\/289544234_10209676567868504_2406334713573879783_n.jpg 1150w\" sizes=\"(max-width: 300px) 100vw, 300px\" \/>\t\t\t\t\t\t\t\t\t\t\t\t\t\t\t<\/div>\n\t\t\t\t<\/div>\n\t\t\t\t<div class=\"elementor-element elementor-element-c1babc0 elementor-widget elementor-widget-text-editor\" data-id=\"c1babc0\" data-element_type=\"widget\" data-widget_type=\"text-editor.default\">\n\t\t\t\t<div class=\"elementor-widget-container\">\n\t\t\t\t\t\t\t\t\t<p><span style=\"font-weight: 400;\">The Lewis Creaven Band<\/span><\/p><p><span style=\"font-weight: 400;\">Fenomen\u00e1ln\u00ed kytarista Lewis Creaven z anglick\u00e9ho Bristolu, kter\u00fd v minulosti spolupracoval nap\u0159. se Scottem Hammondem (sou\u010dasn\u00fd buben\u00edk Jethro Tull) \u010di kytaristou legend\u00e1rn\u00edch Wishbone Ash Bobem Skeatem, se p\u0159ed n\u011bkolika lety usadil v \u010cesk\u00e9 republice, kde si ke spolupr\u00e1ci p\u0159izval m\u00edstn\u00ed rytmickou sekci. Spole\u010dn\u011b nazkou\u0161eli skladby ze t\u0159\u00ed dosud vydan\u00fdch Lewisov\u00fdch CD, kde ka\u017ed\u00e1 m\u00e1 sv\u016fj osobit\u00fd n\u00e1dech a ct\u00ed jeden styl (rock, blues, folk), aby v roce 2023 spole\u010dn\u011b vydali album &#8222;Life Is A Picture&#8220;, pln\u00e9 nov\u00fdch skladeb, kde se v\u0161echny tyto styly propojuj\u00ed Album je od listopadu 2023 dostupn\u00e9 na vinylov\u00e9 desce. \u017div\u00e1 vystoupen\u00ed kapela obohacuje skladbami takov\u00fdch velik\u00e1n\u016f, kter\u00fdmi jsou nap\u0159. Jimi Hendrix, The Derek Trucks Band, Taj Mahal, Led Zeppelin, Stevie Ray Vaughan, Pink Floyd, a dal\u0161\u00ed&#8230;<\/span><\/p><p><span style=\"font-weight: 400;\">The Lewis Creaven band jsou:<\/span><\/p><ul><li><span style=\"font-weight: 400;\"> Lewis Creaven \u2013 zp\u011bv, kytary<\/span><\/li><li><span style=\"font-weight: 400;\"> Tom\u00e1\u0161 Sk\u0159iv\u00e1nek \u2013 baskytara<\/span><\/li><li><span style=\"font-weight: 400;\"> Jan Je\u017eek \u2013 bic\u00ed<\/span><\/li><\/ul><p>\u00a0<\/p><p><span style=\"font-weight: 400;\"><strong>CHEVROLET<\/strong>\u00a0<\/span><\/p><p><a href=\"https:\/\/www.youtube.com\/watch?v=r0aXUCfmP4c\"><span style=\"font-weight: 400;\">https:\/\/www.youtube.com\/watch?v=r0aXUCfmP4c<\/span><\/a><span style=\"font-weight: 400;\">\u00a0\u00a0\u00a0<\/span><\/p>\t\t\t\t\t\t\t\t<\/div>\n\t\t\t\t<\/div>\n\t\t\t\t\t<\/div>\n\t\t\t\t<\/div>\n\t\t\t\t<\/div>\n\t\t","protected":false},"excerpt":{"rendered":"<p>Lewis Creaven Band The Lewis Creaven Band Fenomen\u00e1ln\u00ed kytarista Lewis Creaven z anglick\u00e9ho Bristolu, kter\u00fd v minulosti spolupracoval nap\u0159. se Scottem Hammondem (sou\u010dasn\u00fd buben\u00edk Jethro Tull) \u010di kytaristou legend\u00e1rn\u00edch Wishbone Ash Bobem Skeatem, se p\u0159ed n\u011bkolika lety usadil v \u010cesk\u00e9 republice, kde si ke spolupr\u00e1ci p\u0159izval m\u00edstn\u00ed rytmickou sekci. Spole\u010dn\u011b nazkou\u0161eli skladby ze t\u0159\u00ed dosud &#8230; <a title=\"LewisCreaven\" class=\"read-more\" href=\"https:\/\/www.sevenstrings.eu\/index.php\/lewiscreaven\/\" aria-label=\"V\u00edce na LewisCreaven\">\u010c\u00edst d\u00e1l<\/a><\/p>\n","protected":false},"author":2,"featured_media":0,"parent":0,"menu_order":0,"comment_status":"closed","ping_status":"closed","template":"","meta":{"footnotes":""},"class_list":["post-401","page","type-page","status-publish"],"_links":{"self":[{"href":"https:\/\/www.sevenstrings.eu\/index.php\/wp-json\/wp\/v2\/pages\/401","targetHints":{"allow":["GET"]}}],"collection":[{"href":"https:\/\/www.sevenstrings.eu\/index.php\/wp-json\/wp\/v2\/pages"}],"about":[{"href":"https:\/\/www.sevenstrings.eu\/index.php\/wp-json\/wp\/v2\/types\/page"}],"author":[{"embeddable":true,"href":"https:\/\/www.sevenstrings.eu\/index.php\/wp-json\/wp\/v2\/users\/2"}],"replies":[{"embeddable":true,"href":"https:\/\/www.sevenstrings.eu\/index.php\/wp-json\/wp\/v2\/comments?post=401"}],"version-history":[{"count":7,"href":"https:\/\/www.sevenstrings.eu\/index.php\/wp-json\/wp\/v2\/pages\/401\/revisions"}],"predecessor-version":[{"id":480,"href":"https:\/\/www.sevenstrings.eu\/index.php\/wp-json\/wp\/v2\/pages\/401\/revisions\/480"}],"wp:attachment":[{"href":"https:\/\/www.sevenstrings.eu\/index.php\/wp-json\/wp\/v2\/media?parent=401"}],"curies":[{"name":"wp","href":"https:\/\/api.w.org\/{rel}","templated":true}]}}