{"id":390,"date":"2025-01-10T00:28:03","date_gmt":"2025-01-09T23:28:03","guid":{"rendered":"https:\/\/www.sevenstrings.eu\/?page_id=390"},"modified":"2025-01-13T00:33:32","modified_gmt":"2025-01-12T23:33:32","slug":"jakublenz","status":"publish","type":"page","link":"https:\/\/www.sevenstrings.eu\/index.php\/jakublenz\/","title":{"rendered":"jakublenz"},"content":{"rendered":"\t\t<div data-elementor-type=\"wp-page\" data-elementor-id=\"390\" class=\"elementor elementor-390\" data-elementor-post-type=\"page\">\n\t\t\t\t<div class=\"elementor-element elementor-element-11bb658 e-flex e-con-boxed e-con e-parent\" data-id=\"11bb658\" data-element_type=\"container\">\n\t\t\t\t\t<div class=\"e-con-inner\">\n\t\t\t\t<div class=\"elementor-element elementor-element-e579131 elementor-widget elementor-widget-heading\" data-id=\"e579131\" data-element_type=\"widget\" data-widget_type=\"heading.default\">\n\t\t\t\t<div class=\"elementor-widget-container\">\n\t\t\t\t\t<h2 class=\"elementor-heading-title elementor-size-default\">Jakub Lenz Trio<\/h2>\t\t\t\t<\/div>\n\t\t\t\t<\/div>\n\t\t\t\t<div class=\"elementor-element elementor-element-190412e elementor-widget elementor-widget-image\" data-id=\"190412e\" data-element_type=\"widget\" data-widget_type=\"image.default\">\n\t\t\t\t<div class=\"elementor-widget-container\">\n\t\t\t\t\t\t\t\t\t\t\t\t\t\t\t<img fetchpriority=\"high\" decoding=\"async\" width=\"300\" height=\"169\" src=\"https:\/\/www.sevenstrings.eu\/wp-content\/uploads\/2025\/01\/Promo-Band-300x169.jpg\" class=\"attachment-medium size-medium wp-image-388\" alt=\"\" srcset=\"https:\/\/www.sevenstrings.eu\/wp-content\/uploads\/2025\/01\/Promo-Band-300x169.jpg 300w, https:\/\/www.sevenstrings.eu\/wp-content\/uploads\/2025\/01\/Promo-Band-1024x576.jpg 1024w, https:\/\/www.sevenstrings.eu\/wp-content\/uploads\/2025\/01\/Promo-Band-768x432.jpg 768w, https:\/\/www.sevenstrings.eu\/wp-content\/uploads\/2025\/01\/Promo-Band-1536x864.jpg 1536w, https:\/\/www.sevenstrings.eu\/wp-content\/uploads\/2025\/01\/Promo-Band.jpg 1600w\" sizes=\"(max-width: 300px) 100vw, 300px\" \/>\t\t\t\t\t\t\t\t\t\t\t\t\t\t\t<\/div>\n\t\t\t\t<\/div>\n\t\t\t\t<div class=\"elementor-element elementor-element-a953d1c elementor-widget elementor-widget-text-editor\" data-id=\"a953d1c\" data-element_type=\"widget\" data-widget_type=\"text-editor.default\">\n\t\t\t\t<div class=\"elementor-widget-container\">\n\t\t\t\t\t\t\t\t\t<h2 dir=\"ltr\">Zp\u011bv\u00e1k a skladatel Jakub Lenz<\/h2><p dir=\"ltr\">d\u0159\u00edve zn\u00e1m\u00fd pod pseudonymem Robin Mood, ohla\u0161uje vyd\u00e1n\u00ed sv\u00e9ho avizovan\u00e9ho alba \u017divot a n\u00e1vrat na \u010desk\u00e1 podia.\u00a0<span style=\"font-family: var( --e-global-typography-text-font-family ), Sans-serif; text-align: var(--text-align);\">S novou tvorbou z\u00e1rove\u0148 oznamuje, \u017ee nyn\u00ed bude na hudebn\u00ed sc\u00e9n\u011b p\u016fsobit pod sv\u00fdm ob\u010dansk\u00fdm jm\u00e9nem Jakub Lenz v seskupen\u00ed Jakub Lenz Trio. D<\/span><span style=\"font-family: var( --e-global-typography-text-font-family ), Sans-serif; text-align: var(--text-align);\">eska je unik\u00e1tn\u00ed nejen sv\u00fdm osobn\u00edm obsahem, ale p\u0159edev\u0161\u00edm d\u00edky \u017eiv\u00fdm hudebn\u00edm n\u00e1stroj\u016fm, autentick\u00e9mu zvuku a poctiv\u00e9mu p\u0159\u00edstupu bez\u00a0<\/span><span style=\"font-family: var( --e-global-typography-text-font-family ), Sans-serif; text-align: var(--text-align);\">pou\u017eit\u00ed autotune a dal\u0161\u00edch modern\u00edch program\u016f, co\u017e je v sou\u010dasn\u00e9 hudebn\u00ed tvorb\u011b st\u00e1le vz\u00e1cn\u011bj\u0161\u00ed. Proces tvorby ho dovedl k z\u00e1sadn\u00edm osobn\u00edm zm\u011bn\u00e1m a p\u0159inesl spolupr\u00e1ci s lidmi, s nimi\u017e kdysi studoval. Mezi n\u011b pat\u0159\u00ed \u2013 Luk\u00e1\u0161 Pavl\u00edk, kter\u00fd nahr\u00e1l bic\u00ed, desku mixoval a stoj\u00ed i za masteringem, a Jan Steinsd\u00f6rfer, kter\u00fd p\u0159isp\u011bl kl\u00e1vesami, smy\u010dci a cenn\u00fdmi radami, oba ze skupiny Chinaski. Jakub lenz m\u00e1 za sebou zku\u0161enost\u00ed z velk\u00fdch p\u00f3di\u00ed s Eddie Stoilow, Marek Ztraceny nebo Paulie Garant. Jako Robin Mood se objevil na nespo\u010dtu \u010desk\u00fdch festival\u016f jako Ben\u00e1tsk\u00e1, FM City Fest, P\u0159ehrady, Maj\u00e1les atd.\u00a0<\/span><\/p><p dir=\"ltr\">Jakub Lenz Trio<\/p><p dir=\"ltr\">dost\u00e1v\u00e1 prostor i v \u010desk\u00fdch r\u00e1di\u00edch, jako nap\u0159\u00edklad 2. m\u00edsto v hitpar\u00e1d\u011b Frekvence 1, nebo \u010cesk\u00e1 dvan\u00e1ctka \u010cesk\u00e9ho rozhlasu.\u00a0<\/p><p dir=\"ltr\">Moment\u00e1ln\u011b koncertuje bu\u010f s\u00e1m nebo s t\u0159\u00ed\u010dlenou kapelou.\u00a0<\/p><p dir=\"ltr\">MILION<\/p><p dir=\"ltr\"><a href=\"https:\/\/www.youtube.com\/watch?v=KkPi1n3rOF4\">https:\/\/www.youtube.com\/watch?v=KkPi1n3rOF4<\/a>\u00a0\u00a0<\/p><p dir=\"ltr\">\u017dIVOT<\/p><p><iframe title=\"\u017divot\" width=\"1200\" height=\"900\" src=\"https:\/\/www.youtube.com\/embed\/U0ZMXK6xj9I?list=OLAK5uy_koFobmgmxMmALak-48ABhfPsR6g41IZgQ\" frameborder=\"0\" allow=\"accelerometer; autoplay; clipboard-write; encrypted-media; gyroscope; picture-in-picture; web-share\" referrerpolicy=\"strict-origin-when-cross-origin\" allowfullscreen><\/iframe><\/p><p dir=\"ltr\">\u00a0<\/p>\t\t\t\t\t\t\t\t<\/div>\n\t\t\t\t<\/div>\n\t\t\t\t\t<\/div>\n\t\t\t\t<\/div>\n\t\t\t\t<\/div>\n\t\t","protected":false},"excerpt":{"rendered":"<p>Jakub Lenz Trio Zp\u011bv\u00e1k a skladatel Jakub Lenz d\u0159\u00edve zn\u00e1m\u00fd pod pseudonymem Robin Mood, ohla\u0161uje vyd\u00e1n\u00ed sv\u00e9ho avizovan\u00e9ho alba \u017divot a n\u00e1vrat na \u010desk\u00e1 podia.\u00a0S novou tvorbou z\u00e1rove\u0148 oznamuje, \u017ee nyn\u00ed bude na hudebn\u00ed sc\u00e9n\u011b p\u016fsobit pod sv\u00fdm ob\u010dansk\u00fdm jm\u00e9nem Jakub Lenz v seskupen\u00ed Jakub Lenz Trio. Deska je unik\u00e1tn\u00ed nejen sv\u00fdm osobn\u00edm obsahem, ale &#8230; <a title=\"jakublenz\" class=\"read-more\" href=\"https:\/\/www.sevenstrings.eu\/index.php\/jakublenz\/\" aria-label=\"V\u00edce na jakublenz\">\u010c\u00edst d\u00e1l<\/a><\/p>\n","protected":false},"author":2,"featured_media":0,"parent":0,"menu_order":0,"comment_status":"closed","ping_status":"closed","template":"","meta":{"footnotes":""},"class_list":["post-390","page","type-page","status-publish"],"_links":{"self":[{"href":"https:\/\/www.sevenstrings.eu\/index.php\/wp-json\/wp\/v2\/pages\/390","targetHints":{"allow":["GET"]}}],"collection":[{"href":"https:\/\/www.sevenstrings.eu\/index.php\/wp-json\/wp\/v2\/pages"}],"about":[{"href":"https:\/\/www.sevenstrings.eu\/index.php\/wp-json\/wp\/v2\/types\/page"}],"author":[{"embeddable":true,"href":"https:\/\/www.sevenstrings.eu\/index.php\/wp-json\/wp\/v2\/users\/2"}],"replies":[{"embeddable":true,"href":"https:\/\/www.sevenstrings.eu\/index.php\/wp-json\/wp\/v2\/comments?post=390"}],"version-history":[{"count":13,"href":"https:\/\/www.sevenstrings.eu\/index.php\/wp-json\/wp\/v2\/pages\/390\/revisions"}],"predecessor-version":[{"id":484,"href":"https:\/\/www.sevenstrings.eu\/index.php\/wp-json\/wp\/v2\/pages\/390\/revisions\/484"}],"wp:attachment":[{"href":"https:\/\/www.sevenstrings.eu\/index.php\/wp-json\/wp\/v2\/media?parent=390"}],"curies":[{"name":"wp","href":"https:\/\/api.w.org\/{rel}","templated":true}]}}