{"id":377,"date":"2025-01-09T23:57:43","date_gmt":"2025-01-09T22:57:43","guid":{"rendered":"https:\/\/www.sevenstrings.eu\/?page_id=377"},"modified":"2025-01-13T00:04:34","modified_gmt":"2025-01-12T23:04:34","slug":"wtf","status":"publish","type":"page","link":"https:\/\/www.sevenstrings.eu\/index.php\/wtf\/","title":{"rendered":"wtf"},"content":{"rendered":"\t\t<div data-elementor-type=\"wp-page\" data-elementor-id=\"377\" class=\"elementor elementor-377\" data-elementor-post-type=\"page\">\n\t\t\t\t<div class=\"elementor-element elementor-element-17960e1 e-flex e-con-boxed e-con e-parent\" data-id=\"17960e1\" data-element_type=\"container\">\n\t\t\t\t\t<div class=\"e-con-inner\">\n\t\t\t\t<div class=\"elementor-element elementor-element-f9b1e5a elementor-widget elementor-widget-heading\" data-id=\"f9b1e5a\" data-element_type=\"widget\" data-widget_type=\"heading.default\">\n\t\t\t\t<div class=\"elementor-widget-container\">\n\t\t\t\t\t<h2 class=\"elementor-heading-title elementor-size-default\">What The Funk<\/h2>\t\t\t\t<\/div>\n\t\t\t\t<\/div>\n\t\t\t\t<div class=\"elementor-element elementor-element-c52a104 elementor-widget elementor-widget-image\" data-id=\"c52a104\" data-element_type=\"widget\" data-widget_type=\"image.default\">\n\t\t\t\t<div class=\"elementor-widget-container\">\n\t\t\t\t\t\t\t\t\t\t\t\t\t\t\t<img fetchpriority=\"high\" decoding=\"async\" width=\"300\" height=\"201\" src=\"https:\/\/www.sevenstrings.eu\/wp-content\/uploads\/2025\/01\/WTF_foto5-300x201.jpeg\" class=\"attachment-medium size-medium wp-image-448\" alt=\"\" srcset=\"https:\/\/www.sevenstrings.eu\/wp-content\/uploads\/2025\/01\/WTF_foto5-300x201.jpeg 300w, https:\/\/www.sevenstrings.eu\/wp-content\/uploads\/2025\/01\/WTF_foto5-1024x685.jpeg 1024w, https:\/\/www.sevenstrings.eu\/wp-content\/uploads\/2025\/01\/WTF_foto5-768x514.jpeg 768w, https:\/\/www.sevenstrings.eu\/wp-content\/uploads\/2025\/01\/WTF_foto5.jpeg 1192w\" sizes=\"(max-width: 300px) 100vw, 300px\" \/>\t\t\t\t\t\t\t\t\t\t\t\t\t\t\t<\/div>\n\t\t\t\t<\/div>\n\t\t\t\t<div class=\"elementor-element elementor-element-a23bf07 elementor-widget elementor-widget-text-editor\" data-id=\"a23bf07\" data-element_type=\"widget\" data-widget_type=\"text-editor.default\">\n\t\t\t\t<div class=\"elementor-widget-container\">\n\t\t\t\t\t\t\t\t\t<pre dir=\"ltr\">\u00a0<span style=\"font-weight: 400;\">CZ\u00a0<\/span><\/pre><p><span style=\"font-weight: 400;\">What the Funk je\u00a0 kapela pln\u00e1 mlad\u00fdch hudebn\u00edch nad\u0161enc\u016f a konzervatorist\u016f hraj\u00edc\u00ed popov\u00e9 a funkov\u00e9 hity v origin\u00e1ln\u00edch \u00faprav\u00e1ch. V reperto\u00e1ru naleznete krom\u011b jmen jako Dua Lipa, Bruno Mars, Sting nebo Michael Jackson i n\u011bkolik autorsk\u00fdch skladeb. Jejich energetick\u00e9 pojet\u00ed obohacen\u00e9 nadupanou \u010dty\u0159\u010dlennou dechovou sekc\u00ed v\u00e1s zaru\u010den\u011b roztan\u010d\u00ed! Kapela ned\u00e1vno oslavila 4 roky sv\u00e9 existence, za kter\u00e9 se jim povedlo hr\u00e1t na v\u00edce ne\u017e 100 akc\u00edch, v\u010detn\u011b festival\u016f jako je Funkin Turnov nebo Jazz pod Koz\u00e1kovem. Uskupen\u00ed tak\u00e9 \u010dasto vystupuje na m\u011bstsk\u00fdch slavnostech po cel\u00e9 \u010cesk\u00e9 republice, minul\u00fd rok nap\u0159\u00edklad v Chocni, Kostelci nad Orlic\u00ed \u010di Nov\u00e9m M\u011bst\u011b na Morav\u011b. Pro leto\u0161n\u00ed sezonu m\u00e1 v pl\u00e1nu zhruba 35 vystoupen\u00ed po cel\u00e9m \u010cesku.\u00a0<\/span><\/p><p><span style=\"font-weight: 400;\">Obsazen\u00ed:<\/span><\/p><p><span style=\"text-align: var(--text-align);\">Hlavn\u00ed Zp\u011bv &#8211;\u00a0 Kate\u0159ina Z\u00e1v\u011brkov\u00e1<\/span><\/p><p><span style=\"font-weight: 400;\">Hlavn\u00ed Zp\u011bv &#8211; Jan Barto\u0148<\/span><\/p><p><span style=\"font-weight: 400;\">Barytonsaxofon &#8211; Ond\u0159ej Ha\u0161lar<\/span><\/p><p><span style=\"font-weight: 400;\">Trubka\u00a0 &#8211; Bert Kundr\u00e1k<\/span><\/p><p><span style=\"font-weight: 400;\">Altov\u00fd saxofon &#8211; Ema Hlobilov\u00e1<\/span><\/p><p><span style=\"font-weight: 400;\">Trombon &#8211; Kamila Mary\u0161kov\u00e1<\/span><\/p><p><span style=\"font-weight: 400;\">Kl\u00e1vesy 1 &#8211; Adam V\u00e1vra<\/span><\/p><p><span style=\"font-weight: 400;\">Kl\u00e1vesy 2, vedlej\u0161\u00ed vok\u00e1l &#8211; Maty\u00e1\u0161 Marek<\/span><\/p><p><span style=\"font-weight: 400;\">Kytara &#8211; Michael Lachman<\/span><\/p><p><span style=\"font-weight: 400;\">Baskytara &#8211; \u0160t\u011bp\u00e1n Turek<\/span><\/p><p><span style=\"font-weight: 400;\">Bic\u00ed, vedlej\u0161\u00ed vok\u00e1l &#8211; Josef Hlobil<\/span><\/p><p><span style=\"text-align: var(--text-align);\">D<\/span><\/p><p><span style=\"text-align: var(--text-align);\">What the Funk ist eine elfk\u00f6pfige Band aus der tschechischen Turnov, die Pop- und Funk-Hits spielt. Energiegeladene Interpretationen bekannter Songs von K\u00fcnstlern wie\u00a0 B. Mars, J. Timberlake, S. Wonder, Michael Jackson, Toto&#8230; angereichert mit einer erstklassigen Bl\u00e4sersektion wird Sie sicher zum Tanzen bringen!<\/span><\/p><p dir=\"ltr\">EN<\/p><p dir=\"ltr\">What the Funk is an eleven-piece band from Turnov that plays pop and funk hits. Energetic interpretation of well-known songs by artists like\u00a0 B. Mars, J. Timberlake, S. Wonder, Michael Jackson, Toto &#8230; enriched with a first-class brass section will surely make you dance!<\/p><p dir=\"ltr\">YOUTUBE \u00a0<\/p><p dir=\"ltr\"><a href=\"https:\/\/www.youtube.com\/watch?v=eX92etE9lOI\">https:\/\/www.youtube.com\/watch?v=eX92etE9lOI<\/a>\u00a0<\/p><p dir=\"ltr\"><a href=\"https:\/\/www.youtube.com\/watch?v=FOhcVEM706c\">https:\/\/www.youtube.com\/watch?v=FOhcVEM706c<\/a><\/p><p dir=\"ltr\">FB Levitating \u00a0<\/p><p dir=\"ltr\"><a href=\"https:\/\/www.facebook.com\/watch\/?v=2078510132319922\">https:\/\/www.facebook.com\/watch\/?v=2078510132319922<\/a>\u00a0\u00a0\u00a0<\/p>\t\t\t\t\t\t\t\t<\/div>\n\t\t\t\t<\/div>\n\t\t\t\t\t<\/div>\n\t\t\t\t<\/div>\n\t\t\t\t<\/div>\n\t\t","protected":false},"excerpt":{"rendered":"<p>What The Funk \u00a0CZ\u00a0 What the Funk je\u00a0 kapela pln\u00e1 mlad\u00fdch hudebn\u00edch nad\u0161enc\u016f a konzervatorist\u016f hraj\u00edc\u00ed popov\u00e9 a funkov\u00e9 hity v origin\u00e1ln\u00edch \u00faprav\u00e1ch. V reperto\u00e1ru naleznete krom\u011b jmen jako Dua Lipa, Bruno Mars, Sting nebo Michael Jackson i n\u011bkolik autorsk\u00fdch skladeb. Jejich energetick\u00e9 pojet\u00ed obohacen\u00e9 nadupanou \u010dty\u0159\u010dlennou dechovou sekc\u00ed v\u00e1s zaru\u010den\u011b roztan\u010d\u00ed! Kapela ned\u00e1vno oslavila &#8230; <a title=\"wtf\" class=\"read-more\" href=\"https:\/\/www.sevenstrings.eu\/index.php\/wtf\/\" aria-label=\"V\u00edce na wtf\">\u010c\u00edst d\u00e1l<\/a><\/p>\n","protected":false},"author":2,"featured_media":0,"parent":0,"menu_order":0,"comment_status":"closed","ping_status":"closed","template":"","meta":{"footnotes":""},"class_list":["post-377","page","type-page","status-publish"],"_links":{"self":[{"href":"https:\/\/www.sevenstrings.eu\/index.php\/wp-json\/wp\/v2\/pages\/377","targetHints":{"allow":["GET"]}}],"collection":[{"href":"https:\/\/www.sevenstrings.eu\/index.php\/wp-json\/wp\/v2\/pages"}],"about":[{"href":"https:\/\/www.sevenstrings.eu\/index.php\/wp-json\/wp\/v2\/types\/page"}],"author":[{"embeddable":true,"href":"https:\/\/www.sevenstrings.eu\/index.php\/wp-json\/wp\/v2\/users\/2"}],"replies":[{"embeddable":true,"href":"https:\/\/www.sevenstrings.eu\/index.php\/wp-json\/wp\/v2\/comments?post=377"}],"version-history":[{"count":10,"href":"https:\/\/www.sevenstrings.eu\/index.php\/wp-json\/wp\/v2\/pages\/377\/revisions"}],"predecessor-version":[{"id":455,"href":"https:\/\/www.sevenstrings.eu\/index.php\/wp-json\/wp\/v2\/pages\/377\/revisions\/455"}],"wp:attachment":[{"href":"https:\/\/www.sevenstrings.eu\/index.php\/wp-json\/wp\/v2\/media?parent=377"}],"curies":[{"name":"wp","href":"https:\/\/api.w.org\/{rel}","templated":true}]}}